{"id":354,"date":"2022-05-13T15:53:03","date_gmt":"2022-05-13T13:53:03","guid":{"rendered":"https:\/\/test.prylfixarn.se\/?page_id=354"},"modified":"2022-07-06T14:43:55","modified_gmt":"2022-07-06T12:43:55","slug":"skola","status":"publish","type":"page","link":"https:\/\/test.prylfixarn.se\/index.php\/skola\/","title":{"rendered":"Skola"},"content":{"rendered":"\t\t<div data-elementor-type=\"wp-page\" data-elementor-id=\"354\" class=\"elementor elementor-354\" data-elementor-post-type=\"page\">\n\t\t\t\t\t\t<section class=\"elementor-section elementor-top-section elementor-element elementor-element-e87204f animated-slow elementor-section-boxed elementor-section-height-default elementor-section-height-default elementor-invisible\" data-id=\"e87204f\" data-element_type=\"section\" data-settings=\"{&quot;animation&quot;:&quot;fadeInUp&quot;}\">\n\t\t\t\t\t\t<div class=\"elementor-container elementor-column-gap-default\">\n\t\t\t\t\t<div class=\"elementor-column elementor-col-100 elementor-top-column elementor-element elementor-element-99effff\" data-id=\"99effff\" data-element_type=\"column\">\n\t\t\t<div class=\"elementor-widget-wrap elementor-element-populated\">\n\t\t\t\t\t\t<div class=\"elementor-element elementor-element-17efb2c elementor-widget elementor-widget-heading\" data-id=\"17efb2c\" data-element_type=\"widget\" data-widget_type=\"heading.default\">\n\t\t\t\t<div class=\"elementor-widget-container\">\n\t\t\t<style>\/*! elementor - v3.21.0 - 26-05-2024 *\/\n.elementor-heading-title{padding:0;margin:0;line-height:1}.elementor-widget-heading .elementor-heading-title[class*=elementor-size-]>a{color:inherit;font-size:inherit;line-height:inherit}.elementor-widget-heading .elementor-heading-title.elementor-size-small{font-size:15px}.elementor-widget-heading .elementor-heading-title.elementor-size-medium{font-size:19px}.elementor-widget-heading .elementor-heading-title.elementor-size-large{font-size:29px}.elementor-widget-heading .elementor-heading-title.elementor-size-xl{font-size:39px}.elementor-widget-heading .elementor-heading-title.elementor-size-xxl{font-size:59px}<\/style><h2 class=\"elementor-heading-title elementor-size-default\">Skola<\/h2>\t\t<\/div>\n\t\t\t\t<\/div>\n\t\t\t\t\t<\/div>\n\t\t<\/div>\n\t\t\t\t\t<\/div>\n\t\t<\/section>\n\t\t\t\t<section class=\"elementor-section elementor-top-section elementor-element elementor-element-c9cef08 elementor-section-full_width elementor-section-height-default elementor-section-height-default\" data-id=\"c9cef08\" data-element_type=\"section\">\n\t\t\t\t\t\t<div class=\"elementor-container elementor-column-gap-default\">\n\t\t\t\t\t<div class=\"elementor-column elementor-col-100 elementor-top-column elementor-element elementor-element-986d608\" data-id=\"986d608\" data-element_type=\"column\">\n\t\t\t<div class=\"elementor-widget-wrap elementor-element-populated\">\n\t\t\t\t\t\t<div class=\"elementor-element elementor-element-aff6def animated-slow elementor-invisible elementor-widget elementor-widget-image\" data-id=\"aff6def\" data-element_type=\"widget\" data-settings=\"{&quot;_animation&quot;:&quot;fadeInUp&quot;}\" data-widget_type=\"image.default\">\n\t\t\t\t<div class=\"elementor-widget-container\">\n\t\t\t<style>\/*! elementor - v3.21.0 - 26-05-2024 *\/\n.elementor-widget-image{text-align:center}.elementor-widget-image a{display:inline-block}.elementor-widget-image a img[src$=\".svg\"]{width:48px}.elementor-widget-image img{vertical-align:middle;display:inline-block}<\/style>\t\t\t\t\t\t\t\t\t\t<img fetchpriority=\"high\" decoding=\"async\" width=\"1024\" height=\"297\" src=\"https:\/\/test.prylfixarn.se\/wp-content\/uploads\/2022\/06\/kids-1093758_1200.jpg\" class=\"attachment-large size-large wp-image-875\" alt=\"\" \/>\t\t\t\t\t\t\t\t\t\t\t\t\t<\/div>\n\t\t\t\t<\/div>\n\t\t\t\t\t<\/div>\n\t\t<\/div>\n\t\t\t\t\t<\/div>\n\t\t<\/section>\n\t\t\t\t<section class=\"elementor-section elementor-top-section elementor-element elementor-element-01de97d elementor-hidden-mobile elementor-section-boxed elementor-section-height-default elementor-section-height-default\" data-id=\"01de97d\" data-element_type=\"section\">\n\t\t\t\t\t\t<div class=\"elementor-container elementor-column-gap-default\">\n\t\t\t\t\t<div class=\"elementor-column elementor-col-100 elementor-top-column elementor-element elementor-element-5f5b9f8\" data-id=\"5f5b9f8\" data-element_type=\"column\">\n\t\t\t<div class=\"elementor-widget-wrap elementor-element-populated\">\n\t\t\t\t\t\t<div class=\"elementor-element elementor-element-863209b elementor-widget__width-initial animated-slow elementor-invisible elementor-widget elementor-widget-text-editor\" data-id=\"863209b\" data-element_type=\"widget\" data-settings=\"{&quot;_animation&quot;:&quot;fadeInUp&quot;}\" data-widget_type=\"text-editor.default\">\n\t\t\t\t<div class=\"elementor-widget-container\">\n\t\t\t<style>\/*! elementor - v3.21.0 - 26-05-2024 *\/\n.elementor-widget-text-editor.elementor-drop-cap-view-stacked .elementor-drop-cap{background-color:#69727d;color:#fff}.elementor-widget-text-editor.elementor-drop-cap-view-framed .elementor-drop-cap{color:#69727d;border:3px solid;background-color:transparent}.elementor-widget-text-editor:not(.elementor-drop-cap-view-default) .elementor-drop-cap{margin-top:8px}.elementor-widget-text-editor:not(.elementor-drop-cap-view-default) .elementor-drop-cap-letter{width:1em;height:1em}.elementor-widget-text-editor .elementor-drop-cap{float:left;text-align:center;line-height:1;font-size:50px}.elementor-widget-text-editor .elementor-drop-cap-letter{display:inline-block}<\/style>\t\t\t\t<p>Folkviljan Orust arbetar f\u00f6r :<\/p>\t\t\t\t\t\t<\/div>\n\t\t\t\t<\/div>\n\t\t\t\t\t<\/div>\n\t\t<\/div>\n\t\t\t\t\t<\/div>\n\t\t<\/section>\n\t\t\t\t<section class=\"elementor-section elementor-top-section elementor-element elementor-element-331d436 elementor-hidden-mobile elementor-hidden-tablet animated-slow elementor-section-boxed elementor-section-height-default elementor-section-height-default elementor-invisible\" data-id=\"331d436\" data-element_type=\"section\" data-settings=\"{&quot;animation&quot;:&quot;fadeInUp&quot;}\">\n\t\t\t\t\t\t<div class=\"elementor-container elementor-column-gap-default\">\n\t\t\t\t\t<div class=\"elementor-column elementor-col-50 elementor-top-column elementor-element elementor-element-ab9e8d2 elementor-hidden-mobile\" data-id=\"ab9e8d2\" data-element_type=\"column\">\n\t\t\t<div class=\"elementor-widget-wrap elementor-element-populated\">\n\t\t\t\t\t\t<div class=\"elementor-element elementor-element-30de275 elementor-hidden-mobile elementor-view-default elementor-widget elementor-widget-icon\" data-id=\"30de275\" data-element_type=\"widget\" data-widget_type=\"icon.default\">\n\t\t\t\t<div class=\"elementor-widget-container\">\n\t\t\t\t\t<div class=\"elementor-icon-wrapper\">\n\t\t\t<div class=\"elementor-icon\">\n\t\t\t<i aria-hidden=\"true\" class=\"fas fa-dot-circle\"><\/i>\t\t\t<\/div>\n\t\t<\/div>\n\t\t\t\t<\/div>\n\t\t\t\t<\/div>\n\t\t\t\t<div class=\"elementor-element elementor-element-77729fd elementor-hidden-mobile elementor-view-default elementor-widget elementor-widget-icon\" data-id=\"77729fd\" data-element_type=\"widget\" data-widget_type=\"icon.default\">\n\t\t\t\t<div class=\"elementor-widget-container\">\n\t\t\t\t\t<div class=\"elementor-icon-wrapper\">\n\t\t\t<div class=\"elementor-icon\">\n\t\t\t<i aria-hidden=\"true\" class=\"fas fa-dot-circle\"><\/i>\t\t\t<\/div>\n\t\t<\/div>\n\t\t\t\t<\/div>\n\t\t\t\t<\/div>\n\t\t\t\t<div class=\"elementor-element elementor-element-ca33851 elementor-hidden-mobile elementor-view-default elementor-widget elementor-widget-icon\" data-id=\"ca33851\" data-element_type=\"widget\" data-widget_type=\"icon.default\">\n\t\t\t\t<div class=\"elementor-widget-container\">\n\t\t\t\t\t<div class=\"elementor-icon-wrapper\">\n\t\t\t<div class=\"elementor-icon\">\n\t\t\t<i aria-hidden=\"true\" class=\"fas fa-dot-circle\"><\/i>\t\t\t<\/div>\n\t\t<\/div>\n\t\t\t\t<\/div>\n\t\t\t\t<\/div>\n\t\t\t\t<div class=\"elementor-element elementor-element-c62146f elementor-hidden-mobile elementor-view-default elementor-widget elementor-widget-icon\" data-id=\"c62146f\" data-element_type=\"widget\" data-widget_type=\"icon.default\">\n\t\t\t\t<div class=\"elementor-widget-container\">\n\t\t\t\t\t<div class=\"elementor-icon-wrapper\">\n\t\t\t<div class=\"elementor-icon\">\n\t\t\t<i aria-hidden=\"true\" class=\"fas fa-dot-circle\"><\/i>\t\t\t<\/div>\n\t\t<\/div>\n\t\t\t\t<\/div>\n\t\t\t\t<\/div>\n\t\t\t\t<div class=\"elementor-element elementor-element-6ac7c45 elementor-hidden-mobile elementor-view-default elementor-widget elementor-widget-icon\" data-id=\"6ac7c45\" data-element_type=\"widget\" data-widget_type=\"icon.default\">\n\t\t\t\t<div class=\"elementor-widget-container\">\n\t\t\t\t\t<div class=\"elementor-icon-wrapper\">\n\t\t\t<div class=\"elementor-icon\">\n\t\t\t<i aria-hidden=\"true\" class=\"fas fa-dot-circle\"><\/i>\t\t\t<\/div>\n\t\t<\/div>\n\t\t\t\t<\/div>\n\t\t\t\t<\/div>\n\t\t\t\t<div class=\"elementor-element elementor-element-8f01bd7 elementor-hidden-mobile elementor-view-default elementor-widget elementor-widget-icon\" data-id=\"8f01bd7\" data-element_type=\"widget\" data-widget_type=\"icon.default\">\n\t\t\t\t<div class=\"elementor-widget-container\">\n\t\t\t\t\t<div class=\"elementor-icon-wrapper\">\n\t\t\t<div class=\"elementor-icon\">\n\t\t\t<i aria-hidden=\"true\" class=\"fas fa-dot-circle\"><\/i>\t\t\t<\/div>\n\t\t<\/div>\n\t\t\t\t<\/div>\n\t\t\t\t<\/div>\n\t\t\t\t\t<\/div>\n\t\t<\/div>\n\t\t\t\t<div class=\"elementor-column elementor-col-50 elementor-top-column elementor-element elementor-element-498faf0\" data-id=\"498faf0\" data-element_type=\"column\">\n\t\t\t<div class=\"elementor-widget-wrap elementor-element-populated\">\n\t\t\t\t\t\t<div class=\"elementor-element elementor-element-3fc3f4a elementor-widget-tablet__width-inherit elementor-hidden-mobile elementor-widget elementor-widget-text-editor\" data-id=\"3fc3f4a\" data-element_type=\"widget\" data-widget_type=\"text-editor.default\">\n\t\t\t\t<div class=\"elementor-widget-container\">\n\t\t\t\t\t\t\t<p>Bort med mobiler p\u00e5 lektionstid = F\u00f6r en ordentlig studiero.<\/p><p>Mer fysisk aktivitet i skolan = En frisk kropp en klarare hj\u00e4rna.<\/p><p>Mer resurser till st\u00f6dfunktioner = Vi ska inte tappa n\u00e5gra<\/p><p>elever p\u00e5 v\u00e4gen.<\/p><p>Att \u00e5terinf\u00f6ra ungdomsfullm\u00e4ktige = S\u00e5 att fler ungdomar skall<\/p><p>intressera sig f\u00f6r samh\u00e4llsfr\u00e5gor, f\u00f6r att i framtiden f\u00f6ryngra<\/p><p>v\u00e5r \u00e5ldrande politikerk\u00e5r.<\/p><p>Samma st\u00f6d till Orust friskolor med svensk l\u00e4roplan,\u00a0<\/p><p>som till v\u00e5ra kommunala skolor.<\/p><p>Att minska f\u00f6rskolan och grundskolans klasstorlekar<\/p><p>= ett bevisat b\u00e4ttre l\u00e4rande.<\/p>\t\t\t\t\t\t<\/div>\n\t\t\t\t<\/div>\n\t\t\t\t\t<\/div>\n\t\t<\/div>\n\t\t\t\t\t<\/div>\n\t\t<\/section>\n\t\t\t\t<section class=\"elementor-section elementor-top-section elementor-element elementor-element-19ed2e8 elementor-hidden-mobile elementor-hidden-desktop animated-slow elementor-section-boxed elementor-section-height-default elementor-section-height-default elementor-invisible\" data-id=\"19ed2e8\" data-element_type=\"section\" data-settings=\"{&quot;animation&quot;:&quot;fadeInUp&quot;,&quot;animation_tablet&quot;:&quot;fadeInUp&quot;}\">\n\t\t\t\t\t\t<div class=\"elementor-container elementor-column-gap-default\">\n\t\t\t\t\t<div class=\"elementor-column elementor-col-50 elementor-top-column elementor-element elementor-element-beb1368 elementor-hidden-mobile\" data-id=\"beb1368\" data-element_type=\"column\">\n\t\t\t<div class=\"elementor-widget-wrap elementor-element-populated\">\n\t\t\t\t\t\t<div class=\"elementor-element elementor-element-2852e11 elementor-hidden-mobile elementor-view-default elementor-widget elementor-widget-icon\" data-id=\"2852e11\" data-element_type=\"widget\" data-widget_type=\"icon.default\">\n\t\t\t\t<div class=\"elementor-widget-container\">\n\t\t\t\t\t<div class=\"elementor-icon-wrapper\">\n\t\t\t<div class=\"elementor-icon\">\n\t\t\t<i aria-hidden=\"true\" class=\"fas fa-dot-circle\"><\/i>\t\t\t<\/div>\n\t\t<\/div>\n\t\t\t\t<\/div>\n\t\t\t\t<\/div>\n\t\t\t\t<div class=\"elementor-element elementor-element-65d4e5e elementor-hidden-mobile elementor-view-default elementor-widget elementor-widget-icon\" data-id=\"65d4e5e\" data-element_type=\"widget\" data-widget_type=\"icon.default\">\n\t\t\t\t<div class=\"elementor-widget-container\">\n\t\t\t\t\t<div class=\"elementor-icon-wrapper\">\n\t\t\t<div class=\"elementor-icon\">\n\t\t\t<i aria-hidden=\"true\" class=\"fas fa-dot-circle\"><\/i>\t\t\t<\/div>\n\t\t<\/div>\n\t\t\t\t<\/div>\n\t\t\t\t<\/div>\n\t\t\t\t<div class=\"elementor-element elementor-element-8ec4658 elementor-hidden-mobile elementor-view-default elementor-widget elementor-widget-icon\" data-id=\"8ec4658\" data-element_type=\"widget\" data-widget_type=\"icon.default\">\n\t\t\t\t<div class=\"elementor-widget-container\">\n\t\t\t\t\t<div class=\"elementor-icon-wrapper\">\n\t\t\t<div class=\"elementor-icon\">\n\t\t\t<i aria-hidden=\"true\" class=\"fas fa-dot-circle\"><\/i>\t\t\t<\/div>\n\t\t<\/div>\n\t\t\t\t<\/div>\n\t\t\t\t<\/div>\n\t\t\t\t<div class=\"elementor-element elementor-element-66eb351 elementor-hidden-mobile elementor-view-default elementor-widget elementor-widget-icon\" data-id=\"66eb351\" data-element_type=\"widget\" data-widget_type=\"icon.default\">\n\t\t\t\t<div class=\"elementor-widget-container\">\n\t\t\t\t\t<div class=\"elementor-icon-wrapper\">\n\t\t\t<div class=\"elementor-icon\">\n\t\t\t<i aria-hidden=\"true\" class=\"fas fa-dot-circle\"><\/i>\t\t\t<\/div>\n\t\t<\/div>\n\t\t\t\t<\/div>\n\t\t\t\t<\/div>\n\t\t\t\t<div class=\"elementor-element elementor-element-216e619 elementor-hidden-mobile elementor-view-default elementor-widget elementor-widget-icon\" data-id=\"216e619\" data-element_type=\"widget\" data-widget_type=\"icon.default\">\n\t\t\t\t<div class=\"elementor-widget-container\">\n\t\t\t\t\t<div class=\"elementor-icon-wrapper\">\n\t\t\t<div class=\"elementor-icon\">\n\t\t\t<i aria-hidden=\"true\" class=\"fas fa-dot-circle\"><\/i>\t\t\t<\/div>\n\t\t<\/div>\n\t\t\t\t<\/div>\n\t\t\t\t<\/div>\n\t\t\t\t<div class=\"elementor-element elementor-element-65462e4 elementor-view-default elementor-widget elementor-widget-icon\" data-id=\"65462e4\" data-element_type=\"widget\" data-widget_type=\"icon.default\">\n\t\t\t\t<div class=\"elementor-widget-container\">\n\t\t\t\t\t<div class=\"elementor-icon-wrapper\">\n\t\t\t<div class=\"elementor-icon\">\n\t\t\t<i aria-hidden=\"true\" class=\"fas fa-dot-circle\"><\/i>\t\t\t<\/div>\n\t\t<\/div>\n\t\t\t\t<\/div>\n\t\t\t\t<\/div>\n\t\t\t\t\t<\/div>\n\t\t<\/div>\n\t\t\t\t<div class=\"elementor-column elementor-col-50 elementor-top-column elementor-element elementor-element-02cf028\" data-id=\"02cf028\" data-element_type=\"column\">\n\t\t\t<div class=\"elementor-widget-wrap elementor-element-populated\">\n\t\t\t\t\t\t<div class=\"elementor-element elementor-element-6f358a1 elementor-widget-tablet__width-inherit elementor-hidden-mobile elementor-widget elementor-widget-text-editor\" data-id=\"6f358a1\" data-element_type=\"widget\" data-widget_type=\"text-editor.default\">\n\t\t\t\t<div class=\"elementor-widget-container\">\n\t\t\t\t\t\t\t<p>Bort med mobiler p\u00e5 lektionstid = F\u00f6r en ordentlig studiero.<\/p><p>Mer fysisk aktivitet i skolan = En frisk kropp en klarare hj\u00e4rna.<\/p><p>Mer resurser till st\u00f6dfunktioner = Vi ska inte tappa n\u00e5gra<\/p><p>elever p\u00e5 v\u00e4gen.<\/p><p>Att \u00e5terinf\u00f6ra ungdomsfullm\u00e4ktige = S\u00e5 att fler ungdomar skall<\/p><p>intressera sig f\u00f6r samh\u00e4llsfr\u00e5gor, f\u00f6r att i framtiden f\u00f6ryngra<\/p><p>v\u00e5r \u00e5ldrande politikerk\u00e5r.<\/p><p>Samma st\u00f6d till Orust friskolor med svensk l\u00e4roplan,\u00a0<\/p><p>som till v\u00e5ra kommunala skolor.<\/p><p>Att minska f\u00f6rskola och grundskolans\u00a0 klasstorlekar<\/p><p>= F\u00f6r ett bevisat b\u00e4ttre l\u00e4rande.<\/p><p>\u00a0<\/p>\t\t\t\t\t\t<\/div>\n\t\t\t\t<\/div>\n\t\t\t\t\t<\/div>\n\t\t<\/div>\n\t\t\t\t\t<\/div>\n\t\t<\/section>\n\t\t\t\t<section class=\"elementor-section elementor-top-section elementor-element elementor-element-67dd662 elementor-hidden-desktop elementor-hidden-tablet elementor-section-boxed elementor-section-height-default elementor-section-height-default\" data-id=\"67dd662\" data-element_type=\"section\" data-settings=\"{&quot;animation_mobile&quot;:&quot;fadeInUp&quot;}\">\n\t\t\t\t\t\t<div class=\"elementor-container elementor-column-gap-default\">\n\t\t\t\t\t<div class=\"elementor-column elementor-col-100 elementor-top-column elementor-element elementor-element-2ce5003\" data-id=\"2ce5003\" data-element_type=\"column\">\n\t\t\t<div class=\"elementor-widget-wrap elementor-element-populated\">\n\t\t\t\t\t\t<div class=\"elementor-element elementor-element-71c6fa7 elementor-widget elementor-widget-text-editor\" data-id=\"71c6fa7\" data-element_type=\"widget\" data-widget_type=\"text-editor.default\">\n\t\t\t\t<div class=\"elementor-widget-container\">\n\t\t\t\t\t\t\t<ul><li><p class=\"Standard\">Bort med mobiler p\u00e5 lektionstid<br \/>= F\u00f6r en ordentlig studiero.<\/p><\/li><li><p class=\"Standard\"><span style=\"font-size: 14.0pt;\">Mer fysisk aktivitet i skolan = En frisk kropp en klarare hj\u00e4rna.<\/span><\/p><\/li><li><p>Mer resurser till st\u00f6dfunktioner = Vi ska inte tappa n\u00e5gra\u00a0elever p\u00e5 v\u00e4gen.<\/p><\/li><li><p>Att \u00e5terinf\u00f6ra ungdomsfullm\u00e4ktige = S\u00e5 att fler ungdomar skall\u00a0intressera sig f\u00f6r samh\u00e4llsfr\u00e5gor, f\u00f6r att i framtiden f\u00f6ryngra v\u00e5r \u00e5ldrande politikerk\u00e5r.<\/p><\/li><li><p>Samma st\u00f6d till Orust friskolor med svensk l\u00e4roplan, som till v\u00e5ra kommunala skolor.<\/p><\/li><li><p>Att minska f\u00f6rskolan och grundskolans\u00a0 klasstorlekar\u00a0= F\u00f6r ett bevisat b\u00e4ttre l\u00e4rande.<\/p><\/li><\/ul>\t\t\t\t\t\t<\/div>\n\t\t\t\t<\/div>\n\t\t\t\t\t<\/div>\n\t\t<\/div>\n\t\t\t\t\t<\/div>\n\t\t<\/section>\n\t\t\t\t<\/div>\n\t\t","protected":false},"excerpt":{"rendered":"<p>Skola Folkviljan Orust arbetar f\u00f6r : Bort med mobiler p\u00e5 lektionstid = F\u00f6r en ordentlig studiero. Mer fysisk aktivitet i skolan = En frisk kropp en klarare hj\u00e4rna. Mer resurser till st\u00f6dfunktioner = Vi ska inte tappa n\u00e5gra elever p\u00e5 v\u00e4gen. Att \u00e5terinf\u00f6ra ungdomsfullm\u00e4ktige = S\u00e5 att fler ungdomar skall intressera sig f\u00f6r samh\u00e4llsfr\u00e5gor, f\u00f6r &hellip;<\/p>\n<p class=\"read-more\"> <a class=\"\" href=\"https:\/\/test.prylfixarn.se\/index.php\/skola\/\"> <span class=\"screen-reader-text\">Skola<\/span> L\u00e4s mer &raquo;<\/a><\/p>\n","protected":false},"author":1,"featured_media":0,"parent":0,"menu_order":0,"comment_status":"closed","ping_status":"closed","template":"","meta":{"site-sidebar-layout":"no-sidebar","site-content-layout":"page-builder","ast-main-header-display":"","ast-hfb-above-header-display":"","ast-hfb-below-header-display":"","ast-hfb-mobile-header-display":"","site-post-title":"disabled","ast-breadcrumbs-content":"","ast-featured-img":"disabled","footer-sml-layout":"","theme-transparent-header-meta":"","adv-header-id-meta":"","stick-header-meta":"","header-above-stick-meta":"","header-main-stick-meta":"","header-below-stick-meta":"","footnotes":""},"class_list":["post-354","page","type-page","status-publish","hentry"],"_links":{"self":[{"href":"https:\/\/test.prylfixarn.se\/index.php\/wp-json\/wp\/v2\/pages\/354","targetHints":{"allow":["GET"]}}],"collection":[{"href":"https:\/\/test.prylfixarn.se\/index.php\/wp-json\/wp\/v2\/pages"}],"about":[{"href":"https:\/\/test.prylfixarn.se\/index.php\/wp-json\/wp\/v2\/types\/page"}],"author":[{"embeddable":true,"href":"https:\/\/test.prylfixarn.se\/index.php\/wp-json\/wp\/v2\/users\/1"}],"replies":[{"embeddable":true,"href":"https:\/\/test.prylfixarn.se\/index.php\/wp-json\/wp\/v2\/comments?post=354"}],"version-history":[{"count":46,"href":"https:\/\/test.prylfixarn.se\/index.php\/wp-json\/wp\/v2\/pages\/354\/revisions"}],"predecessor-version":[{"id":1283,"href":"https:\/\/test.prylfixarn.se\/index.php\/wp-json\/wp\/v2\/pages\/354\/revisions\/1283"}],"wp:attachment":[{"href":"https:\/\/test.prylfixarn.se\/index.php\/wp-json\/wp\/v2\/media?parent=354"}],"curies":[{"name":"wp","href":"https:\/\/api.w.org\/{rel}","templated":true}]}}