{"id":348,"date":"2022-05-13T15:52:26","date_gmt":"2022-05-13T13:52:26","guid":{"rendered":"https:\/\/test.prylfixarn.se\/?page_id=348"},"modified":"2022-07-06T16:23:35","modified_gmt":"2022-07-06T14:23:35","slug":"kollektivtrafik-och-vagar","status":"publish","type":"page","link":"https:\/\/test.prylfixarn.se\/index.php\/kollektivtrafik-och-vagar\/","title":{"rendered":"Kollektivtrafik och v\u00e4gar"},"content":{"rendered":"\t\t<div data-elementor-type=\"wp-page\" data-elementor-id=\"348\" class=\"elementor elementor-348\" data-elementor-post-type=\"page\">\n\t\t\t\t\t\t<section class=\"elementor-section elementor-top-section elementor-element elementor-element-089bfc6 elementor-section-boxed elementor-section-height-default elementor-section-height-default\" data-id=\"089bfc6\" data-element_type=\"section\">\n\t\t\t\t\t\t<div class=\"elementor-container elementor-column-gap-default\">\n\t\t\t\t\t<div class=\"elementor-column elementor-col-100 elementor-top-column elementor-element elementor-element-c5d80f4\" data-id=\"c5d80f4\" data-element_type=\"column\">\n\t\t\t<div class=\"elementor-widget-wrap elementor-element-populated\">\n\t\t\t\t\t\t<div class=\"elementor-element elementor-element-faba8fe animated-slow elementor-invisible elementor-widget elementor-widget-heading\" data-id=\"faba8fe\" data-element_type=\"widget\" data-settings=\"{&quot;_animation&quot;:&quot;fadeInUp&quot;}\" data-widget_type=\"heading.default\">\n\t\t\t\t<div class=\"elementor-widget-container\">\n\t\t\t<style>\/*! elementor - v3.21.0 - 26-05-2024 *\/\n.elementor-heading-title{padding:0;margin:0;line-height:1}.elementor-widget-heading .elementor-heading-title[class*=elementor-size-]>a{color:inherit;font-size:inherit;line-height:inherit}.elementor-widget-heading .elementor-heading-title.elementor-size-small{font-size:15px}.elementor-widget-heading .elementor-heading-title.elementor-size-medium{font-size:19px}.elementor-widget-heading .elementor-heading-title.elementor-size-large{font-size:29px}.elementor-widget-heading .elementor-heading-title.elementor-size-xl{font-size:39px}.elementor-widget-heading .elementor-heading-title.elementor-size-xxl{font-size:59px}<\/style><h2 class=\"elementor-heading-title elementor-size-default\">Kollektivtrafik och v\u00e4gar<\/h2>\t\t<\/div>\n\t\t\t\t<\/div>\n\t\t\t\t\t<\/div>\n\t\t<\/div>\n\t\t\t\t\t<\/div>\n\t\t<\/section>\n\t\t\t\t<section class=\"elementor-section elementor-top-section elementor-element elementor-element-4f9155d elementor-section-full_width elementor-section-height-default elementor-section-height-default\" data-id=\"4f9155d\" data-element_type=\"section\">\n\t\t\t\t\t\t<div class=\"elementor-container elementor-column-gap-default\">\n\t\t\t\t\t<div class=\"elementor-column elementor-col-100 elementor-top-column elementor-element elementor-element-2285aa1\" data-id=\"2285aa1\" data-element_type=\"column\">\n\t\t\t<div class=\"elementor-widget-wrap elementor-element-populated\">\n\t\t\t\t\t\t<div class=\"elementor-element elementor-element-daac8f6 animated-slow elementor-invisible elementor-widget elementor-widget-image\" data-id=\"daac8f6\" data-element_type=\"widget\" data-settings=\"{&quot;_animation&quot;:&quot;fadeInUp&quot;}\" data-widget_type=\"image.default\">\n\t\t\t\t<div class=\"elementor-widget-container\">\n\t\t\t<style>\/*! elementor - v3.21.0 - 26-05-2024 *\/\n.elementor-widget-image{text-align:center}.elementor-widget-image a{display:inline-block}.elementor-widget-image a img[src$=\".svg\"]{width:48px}.elementor-widget-image img{vertical-align:middle;display:inline-block}<\/style>\t\t\t\t\t\t\t\t\t\t<img fetchpriority=\"high\" decoding=\"async\" width=\"1200\" height=\"332\" src=\"https:\/\/test.prylfixarn.se\/wp-content\/uploads\/2022\/06\/bus.jpg\" class=\"attachment-full size-full wp-image-576\" alt=\"\" \/>\t\t\t\t\t\t\t\t\t\t\t\t\t<\/div>\n\t\t\t\t<\/div>\n\t\t\t\t\t<\/div>\n\t\t<\/div>\n\t\t\t\t\t<\/div>\n\t\t<\/section>\n\t\t\t\t<section class=\"elementor-section elementor-top-section elementor-element elementor-element-34f28f4 animated-slow elementor-section-boxed elementor-section-height-default elementor-section-height-default elementor-invisible\" data-id=\"34f28f4\" data-element_type=\"section\" data-settings=\"{&quot;animation&quot;:&quot;fadeInUp&quot;}\">\n\t\t\t\t\t\t<div class=\"elementor-container elementor-column-gap-default\">\n\t\t\t\t\t<div class=\"elementor-column elementor-col-100 elementor-top-column elementor-element elementor-element-2cc21ae\" data-id=\"2cc21ae\" data-element_type=\"column\">\n\t\t\t<div class=\"elementor-widget-wrap elementor-element-populated\">\n\t\t\t\t\t\t<div class=\"elementor-element elementor-element-b52038d elementor-widget__width-initial animated-slow elementor-invisible elementor-widget elementor-widget-text-editor\" data-id=\"b52038d\" data-element_type=\"widget\" data-settings=\"{&quot;_animation&quot;:&quot;fadeInUp&quot;}\" data-widget_type=\"text-editor.default\">\n\t\t\t\t<div class=\"elementor-widget-container\">\n\t\t\t<style>\/*! elementor - v3.21.0 - 26-05-2024 *\/\n.elementor-widget-text-editor.elementor-drop-cap-view-stacked .elementor-drop-cap{background-color:#69727d;color:#fff}.elementor-widget-text-editor.elementor-drop-cap-view-framed .elementor-drop-cap{color:#69727d;border:3px solid;background-color:transparent}.elementor-widget-text-editor:not(.elementor-drop-cap-view-default) .elementor-drop-cap{margin-top:8px}.elementor-widget-text-editor:not(.elementor-drop-cap-view-default) .elementor-drop-cap-letter{width:1em;height:1em}.elementor-widget-text-editor .elementor-drop-cap{float:left;text-align:center;line-height:1;font-size:50px}.elementor-widget-text-editor .elementor-drop-cap-letter{display:inline-block}<\/style>\t\t\t\t<p>Folkviljan Orust arbetar f\u00f6r :<\/p>\t\t\t\t\t\t<\/div>\n\t\t\t\t<\/div>\n\t\t\t\t\t<\/div>\n\t\t<\/div>\n\t\t\t\t\t<\/div>\n\t\t<\/section>\n\t\t\t\t<section class=\"elementor-section elementor-top-section elementor-element elementor-element-d13334d elementor-hidden-mobile elementor-section-boxed elementor-section-height-default elementor-section-height-default\" data-id=\"d13334d\" data-element_type=\"section\">\n\t\t\t\t\t\t<div class=\"elementor-container elementor-column-gap-default\">\n\t\t\t\t\t<div class=\"elementor-column elementor-col-50 elementor-top-column elementor-element elementor-element-cb179e9\" data-id=\"cb179e9\" data-element_type=\"column\">\n\t\t\t<div class=\"elementor-widget-wrap elementor-element-populated\">\n\t\t\t\t\t\t<div class=\"elementor-element elementor-element-20b8c44 elementor-hidden-mobile animated-slow elementor-view-default elementor-widget elementor-widget-icon\" data-id=\"20b8c44\" data-element_type=\"widget\" data-settings=\"{&quot;_animation&quot;:&quot;none&quot;}\" data-widget_type=\"icon.default\">\n\t\t\t\t<div class=\"elementor-widget-container\">\n\t\t\t\t\t<div class=\"elementor-icon-wrapper\">\n\t\t\t<div class=\"elementor-icon\">\n\t\t\t<i aria-hidden=\"true\" class=\"fas fa-dot-circle\"><\/i>\t\t\t<\/div>\n\t\t<\/div>\n\t\t\t\t<\/div>\n\t\t\t\t<\/div>\n\t\t\t\t<div class=\"elementor-element elementor-element-370e472 elementor-hidden-mobile elementor-view-default elementor-widget elementor-widget-icon\" data-id=\"370e472\" data-element_type=\"widget\" data-widget_type=\"icon.default\">\n\t\t\t\t<div class=\"elementor-widget-container\">\n\t\t\t\t\t<div class=\"elementor-icon-wrapper\">\n\t\t\t<div class=\"elementor-icon\">\n\t\t\t<i aria-hidden=\"true\" class=\"fas fa-dot-circle\"><\/i>\t\t\t<\/div>\n\t\t<\/div>\n\t\t\t\t<\/div>\n\t\t\t\t<\/div>\n\t\t\t\t<div class=\"elementor-element elementor-element-6759003 elementor-hidden-mobile elementor-view-default elementor-widget elementor-widget-icon\" data-id=\"6759003\" data-element_type=\"widget\" data-widget_type=\"icon.default\">\n\t\t\t\t<div class=\"elementor-widget-container\">\n\t\t\t\t\t<div class=\"elementor-icon-wrapper\">\n\t\t\t<div class=\"elementor-icon\">\n\t\t\t<i aria-hidden=\"true\" class=\"fas fa-dot-circle\"><\/i>\t\t\t<\/div>\n\t\t<\/div>\n\t\t\t\t<\/div>\n\t\t\t\t<\/div>\n\t\t\t\t<div class=\"elementor-element elementor-element-bb5d978 elementor-hidden-mobile elementor-view-default elementor-widget elementor-widget-icon\" data-id=\"bb5d978\" data-element_type=\"widget\" data-widget_type=\"icon.default\">\n\t\t\t\t<div class=\"elementor-widget-container\">\n\t\t\t\t\t<div class=\"elementor-icon-wrapper\">\n\t\t\t<div class=\"elementor-icon\">\n\t\t\t<i aria-hidden=\"true\" class=\"fas fa-dot-circle\"><\/i>\t\t\t<\/div>\n\t\t<\/div>\n\t\t\t\t<\/div>\n\t\t\t\t<\/div>\n\t\t\t\t\t<\/div>\n\t\t<\/div>\n\t\t\t\t<div class=\"elementor-column elementor-col-50 elementor-top-column elementor-element elementor-element-0355923\" data-id=\"0355923\" data-element_type=\"column\">\n\t\t\t<div class=\"elementor-widget-wrap elementor-element-populated\">\n\t\t\t\t\t\t<div class=\"elementor-element elementor-element-a95f906 elementor-widget-tablet__width-inherit elementor-hidden-tablet elementor-hidden-mobile animated-slow elementor-invisible elementor-widget elementor-widget-text-editor\" data-id=\"a95f906\" data-element_type=\"widget\" data-settings=\"{&quot;_animation&quot;:&quot;fadeInUp&quot;}\" data-widget_type=\"text-editor.default\">\n\t\t\t\t<div class=\"elementor-widget-container\">\n\t\t\t\t\t\t\t<p><span style=\"font-size: 14.0pt;\">En b\u00e4ttre anpassad kollektivtrafik g\u00e4llande b\u00e5de buss o f\u00e4rjor,\u00a0<\/span><\/p><p><span style=\"font-size: 14.0pt;\">d\u00e4rmed <\/span><span style=\"font-size: 14.0pt;\">b\u00e4ttre G\u00f6teborgsf\u00f6rbindelser.<\/span><\/p><p><span style=\"font-size: 14.0pt;\">Att inf\u00f6ra anropsstyrd trafik f\u00f6r alla p\u00e5 Orust. *<\/span><\/p><p><span style=\"font-size: 14.0pt;\">Att avgifter f\u00f6r v\u00e5r trafik inom Orust skall vara till en rimlig kostnad.<\/span><\/p><p><span style=\"font-size: 14.0pt;\">Att forts\u00e4tta arbeta aktivt\u00a0 f\u00f6r en bro i Svanesund.<\/span><\/p>\t\t\t\t\t\t<\/div>\n\t\t\t\t<\/div>\n\t\t\t\t<div class=\"elementor-element elementor-element-0b73cc8 elementor-widget-tablet__width-inherit elementor-hidden-desktop elementor-hidden-mobile elementor-widget elementor-widget-text-editor\" data-id=\"0b73cc8\" data-element_type=\"widget\" data-settings=\"{&quot;_animation_tablet&quot;:&quot;fadeInUp&quot;}\" data-widget_type=\"text-editor.default\">\n\t\t\t\t<div class=\"elementor-widget-container\">\n\t\t\t\t\t\t\t<p><span style=\"font-size: 14.0pt;\">En b\u00e4ttre anpassad kollektivtrafik g\u00e4llande b\u00e5de buss o f\u00e4rjor,\u00a0<\/span><\/p><p><span style=\"font-size: 14.0pt;\">d\u00e4rmed b\u00e4ttre G\u00f6teborgs-f\u00f6rbindelser.<\/span><\/p><p><span style=\"font-size: 14.0pt;\">Att inf\u00f6ra anropsstyrd\u00a0 Trafik\u00a0 f\u00f6r alla p\u00e5 Orust . *<\/span><\/p><p><span style=\"font-size: 14.0pt;\">Att avgifter f\u00f6r v\u00e5r trafik inom Orust skall vara till en rimlig kostnad.<\/span><\/p><p><span style=\"font-size: 14.0pt;\">Att forts\u00e4tta arbeta aktivt\u00a0 f\u00f6r en bro i Svanesund.<\/span><\/p>\t\t\t\t\t\t<\/div>\n\t\t\t\t<\/div>\n\t\t\t\t\t<\/div>\n\t\t<\/div>\n\t\t\t\t\t<\/div>\n\t\t<\/section>\n\t\t\t\t<section class=\"elementor-section elementor-top-section elementor-element elementor-element-b44c89a elementor-hidden-desktop elementor-hidden-tablet elementor-section-boxed elementor-section-height-default elementor-section-height-default\" data-id=\"b44c89a\" data-element_type=\"section\" data-settings=\"{&quot;animation_mobile&quot;:&quot;fadeInUp&quot;}\">\n\t\t\t\t\t\t<div class=\"elementor-container elementor-column-gap-default\">\n\t\t\t\t\t<div class=\"elementor-column elementor-col-100 elementor-top-column elementor-element elementor-element-2bb095e\" data-id=\"2bb095e\" data-element_type=\"column\">\n\t\t\t<div class=\"elementor-widget-wrap elementor-element-populated\">\n\t\t\t\t\t\t<div class=\"elementor-element elementor-element-639cb97 elementor-widget-tablet__width-inherit elementor-hidden-desktop elementor-hidden-tablet elementor-widget elementor-widget-text-editor\" data-id=\"639cb97\" data-element_type=\"widget\" data-settings=\"{&quot;_animation_mobile&quot;:&quot;fadeInUp&quot;}\" data-widget_type=\"text-editor.default\">\n\t\t\t\t<div class=\"elementor-widget-container\">\n\t\t\t\t\t\t\t<ul><li><span style=\"font-size: 14.0pt;\">En b\u00e4ttre anpassad<br \/><br \/>kollektivtrafik g\u00e4llande b\u00e5de <br \/><br \/>buss och f\u00e4rjor, d\u00e4rmed b\u00e4ttre <br \/><br \/>G\u00f6teborgs &#8211; F\u00f6rbindelser.<\/span><\/li><\/ul><ul><li><span style=\"font-size: 14.0pt;\"><span style=\"font-size: 14.0pt;\"><span style=\"font-size: 14.0pt;\">Att inf\u00f6ra anropsstyrd\u00a0 trafik f\u00f6r <br \/><br \/><\/span><\/span><\/span><span style=\"font-size: 14.0pt;\"><span style=\"font-size: 14.0pt;\">alla p\u00e5 Orust.<br \/><br \/><\/span><\/span><\/li><li><span style=\"font-size: 14.0pt;\">Att avgifter f\u00f6r v\u00e5r trafik inom<br \/><br \/>Orust skall vara till en rimlig<br \/><br \/>kostnad.<br \/><br \/><\/span><\/li><li><span style=\"font-size: 14.0pt;\"><span style=\"font-size: 14.0pt;\">Att forts\u00e4tta arbeta aktivt\u00a0 f\u00f6r <br \/><br \/>en bro i Svanesund.<\/span><\/span><\/li><\/ul>\t\t\t\t\t\t<\/div>\n\t\t\t\t<\/div>\n\t\t\t\t\t<\/div>\n\t\t<\/div>\n\t\t\t\t\t<\/div>\n\t\t<\/section>\n\t\t\t\t<\/div>\n\t\t","protected":false},"excerpt":{"rendered":"<p>Kollektivtrafik och v\u00e4gar Folkviljan Orust arbetar f\u00f6r : En b\u00e4ttre anpassad kollektivtrafik g\u00e4llande b\u00e5de buss o f\u00e4rjor,\u00a0 d\u00e4rmed b\u00e4ttre G\u00f6teborgsf\u00f6rbindelser. Att inf\u00f6ra anropsstyrd trafik f\u00f6r alla p\u00e5 Orust. * Att avgifter f\u00f6r v\u00e5r trafik inom Orust skall vara till en rimlig kostnad. Att forts\u00e4tta arbeta aktivt\u00a0 f\u00f6r en bro i Svanesund. En b\u00e4ttre anpassad kollektivtrafik &hellip;<\/p>\n<p class=\"read-more\"> <a class=\"\" href=\"https:\/\/test.prylfixarn.se\/index.php\/kollektivtrafik-och-vagar\/\"> <span class=\"screen-reader-text\">Kollektivtrafik och v\u00e4gar<\/span> L\u00e4s mer &raquo;<\/a><\/p>\n","protected":false},"author":1,"featured_media":0,"parent":0,"menu_order":0,"comment_status":"closed","ping_status":"closed","template":"","meta":{"site-sidebar-layout":"no-sidebar","site-content-layout":"page-builder","ast-main-header-display":"","ast-hfb-above-header-display":"","ast-hfb-below-header-display":"","ast-hfb-mobile-header-display":"","site-post-title":"disabled","ast-breadcrumbs-content":"","ast-featured-img":"disabled","footer-sml-layout":"","theme-transparent-header-meta":"","adv-header-id-meta":"","stick-header-meta":"","header-above-stick-meta":"","header-main-stick-meta":"","header-below-stick-meta":"","footnotes":""},"class_list":["post-348","page","type-page","status-publish","hentry"],"_links":{"self":[{"href":"https:\/\/test.prylfixarn.se\/index.php\/wp-json\/wp\/v2\/pages\/348","targetHints":{"allow":["GET"]}}],"collection":[{"href":"https:\/\/test.prylfixarn.se\/index.php\/wp-json\/wp\/v2\/pages"}],"about":[{"href":"https:\/\/test.prylfixarn.se\/index.php\/wp-json\/wp\/v2\/types\/page"}],"author":[{"embeddable":true,"href":"https:\/\/test.prylfixarn.se\/index.php\/wp-json\/wp\/v2\/users\/1"}],"replies":[{"embeddable":true,"href":"https:\/\/test.prylfixarn.se\/index.php\/wp-json\/wp\/v2\/comments?post=348"}],"version-history":[{"count":133,"href":"https:\/\/test.prylfixarn.se\/index.php\/wp-json\/wp\/v2\/pages\/348\/revisions"}],"predecessor-version":[{"id":1340,"href":"https:\/\/test.prylfixarn.se\/index.php\/wp-json\/wp\/v2\/pages\/348\/revisions\/1340"}],"wp:attachment":[{"href":"https:\/\/test.prylfixarn.se\/index.php\/wp-json\/wp\/v2\/media?parent=348"}],"curies":[{"name":"wp","href":"https:\/\/api.w.org\/{rel}","templated":true}]}}