{"id":345,"date":"2022-05-13T15:52:08","date_gmt":"2022-05-13T13:52:08","guid":{"rendered":"https:\/\/test.prylfixarn.se\/?page_id=345"},"modified":"2022-07-06T16:13:10","modified_gmt":"2022-07-06T14:13:10","slug":"fritid","status":"publish","type":"page","link":"https:\/\/test.prylfixarn.se\/index.php\/fritid\/","title":{"rendered":"Fritid"},"content":{"rendered":"\t\t<div data-elementor-type=\"wp-page\" data-elementor-id=\"345\" class=\"elementor elementor-345\" data-elementor-post-type=\"page\">\n\t\t\t\t\t\t<section class=\"elementor-section elementor-top-section elementor-element elementor-element-a65b461 elementor-section-boxed elementor-section-height-default elementor-section-height-default\" data-id=\"a65b461\" data-element_type=\"section\">\n\t\t\t\t\t\t<div class=\"elementor-container elementor-column-gap-default\">\n\t\t\t\t\t<div class=\"elementor-column elementor-col-100 elementor-top-column elementor-element elementor-element-4be05b9\" data-id=\"4be05b9\" data-element_type=\"column\">\n\t\t\t<div class=\"elementor-widget-wrap elementor-element-populated\">\n\t\t\t\t\t\t<div class=\"elementor-element elementor-element-2f9cf38 animated-slow elementor-invisible elementor-widget elementor-widget-heading\" data-id=\"2f9cf38\" data-element_type=\"widget\" data-settings=\"{&quot;_animation&quot;:&quot;fadeInUp&quot;}\" data-widget_type=\"heading.default\">\n\t\t\t\t<div class=\"elementor-widget-container\">\n\t\t\t<style>\/*! elementor - v3.21.0 - 26-05-2024 *\/\n.elementor-heading-title{padding:0;margin:0;line-height:1}.elementor-widget-heading .elementor-heading-title[class*=elementor-size-]>a{color:inherit;font-size:inherit;line-height:inherit}.elementor-widget-heading .elementor-heading-title.elementor-size-small{font-size:15px}.elementor-widget-heading .elementor-heading-title.elementor-size-medium{font-size:19px}.elementor-widget-heading .elementor-heading-title.elementor-size-large{font-size:29px}.elementor-widget-heading .elementor-heading-title.elementor-size-xl{font-size:39px}.elementor-widget-heading .elementor-heading-title.elementor-size-xxl{font-size:59px}<\/style><h2 class=\"elementor-heading-title elementor-size-default\">Fritid<\/h2>\t\t<\/div>\n\t\t\t\t<\/div>\n\t\t\t\t\t<\/div>\n\t\t<\/div>\n\t\t\t\t\t<\/div>\n\t\t<\/section>\n\t\t\t\t<section class=\"elementor-section elementor-top-section elementor-element elementor-element-7131cc3 elementor-section-full_width elementor-section-height-default elementor-section-height-default\" data-id=\"7131cc3\" data-element_type=\"section\">\n\t\t\t\t\t\t<div class=\"elementor-container elementor-column-gap-default\">\n\t\t\t\t\t<div class=\"elementor-column elementor-col-100 elementor-top-column elementor-element elementor-element-caa5300\" data-id=\"caa5300\" data-element_type=\"column\">\n\t\t\t<div class=\"elementor-widget-wrap elementor-element-populated\">\n\t\t\t\t\t\t<div class=\"elementor-element elementor-element-d1548ed animated-slow elementor-invisible elementor-widget elementor-widget-image\" data-id=\"d1548ed\" data-element_type=\"widget\" data-settings=\"{&quot;_animation&quot;:&quot;fadeInUp&quot;}\" data-widget_type=\"image.default\">\n\t\t\t\t<div class=\"elementor-widget-container\">\n\t\t\t<style>\/*! elementor - v3.21.0 - 26-05-2024 *\/\n.elementor-widget-image{text-align:center}.elementor-widget-image a{display:inline-block}.elementor-widget-image a img[src$=\".svg\"]{width:48px}.elementor-widget-image img{vertical-align:middle;display:inline-block}<\/style>\t\t\t\t\t\t\t\t\t\t<img fetchpriority=\"high\" decoding=\"async\" width=\"1200\" height=\"376\" src=\"https:\/\/test.prylfixarn.se\/wp-content\/uploads\/2022\/06\/Hastar-3_1200.jpg\" class=\"attachment-full size-full wp-image-954\" alt=\"\" \/>\t\t\t\t\t\t\t\t\t\t\t\t\t<\/div>\n\t\t\t\t<\/div>\n\t\t\t\t\t<\/div>\n\t\t<\/div>\n\t\t\t\t\t<\/div>\n\t\t<\/section>\n\t\t\t\t<section class=\"elementor-section elementor-top-section elementor-element elementor-element-9d48b16 elementor-section-boxed elementor-section-height-default elementor-section-height-default\" data-id=\"9d48b16\" data-element_type=\"section\">\n\t\t\t\t\t\t<div class=\"elementor-container elementor-column-gap-default\">\n\t\t\t\t\t<div class=\"elementor-column elementor-col-100 elementor-top-column elementor-element elementor-element-7da58f7\" data-id=\"7da58f7\" data-element_type=\"column\">\n\t\t\t<div class=\"elementor-widget-wrap elementor-element-populated\">\n\t\t\t\t\t\t<div class=\"elementor-element elementor-element-188b8df elementor-widget__width-initial animated-slow elementor-invisible elementor-widget elementor-widget-text-editor\" data-id=\"188b8df\" data-element_type=\"widget\" data-settings=\"{&quot;_animation&quot;:&quot;fadeInUp&quot;}\" data-widget_type=\"text-editor.default\">\n\t\t\t\t<div class=\"elementor-widget-container\">\n\t\t\t<style>\/*! elementor - v3.21.0 - 26-05-2024 *\/\n.elementor-widget-text-editor.elementor-drop-cap-view-stacked .elementor-drop-cap{background-color:#69727d;color:#fff}.elementor-widget-text-editor.elementor-drop-cap-view-framed .elementor-drop-cap{color:#69727d;border:3px solid;background-color:transparent}.elementor-widget-text-editor:not(.elementor-drop-cap-view-default) .elementor-drop-cap{margin-top:8px}.elementor-widget-text-editor:not(.elementor-drop-cap-view-default) .elementor-drop-cap-letter{width:1em;height:1em}.elementor-widget-text-editor .elementor-drop-cap{float:left;text-align:center;line-height:1;font-size:50px}.elementor-widget-text-editor .elementor-drop-cap-letter{display:inline-block}<\/style>\t\t\t\t<p>Folkviljan Orust arbetar f\u00f6r:<\/p>\t\t\t\t\t\t<\/div>\n\t\t\t\t<\/div>\n\t\t\t\t\t<\/div>\n\t\t<\/div>\n\t\t\t\t\t<\/div>\n\t\t<\/section>\n\t\t\t\t<section class=\"elementor-section elementor-top-section elementor-element elementor-element-dbe968a elementor-hidden-mobile elementor-hidden-tablet animated-slow elementor-section-boxed elementor-section-height-default elementor-section-height-default elementor-invisible\" data-id=\"dbe968a\" data-element_type=\"section\" data-settings=\"{&quot;animation&quot;:&quot;fadeInUp&quot;}\">\n\t\t\t\t\t\t<div class=\"elementor-container elementor-column-gap-default\">\n\t\t\t\t\t<div class=\"elementor-column elementor-col-50 elementor-top-column elementor-element elementor-element-eb92296 elementor-hidden-mobile\" data-id=\"eb92296\" data-element_type=\"column\">\n\t\t\t<div class=\"elementor-widget-wrap elementor-element-populated\">\n\t\t\t\t\t\t<div class=\"elementor-element elementor-element-4ba9d8f elementor-hidden-mobile elementor-view-default elementor-widget elementor-widget-icon\" data-id=\"4ba9d8f\" data-element_type=\"widget\" data-widget_type=\"icon.default\">\n\t\t\t\t<div class=\"elementor-widget-container\">\n\t\t\t\t\t<div class=\"elementor-icon-wrapper\">\n\t\t\t<div class=\"elementor-icon\">\n\t\t\t<i aria-hidden=\"true\" class=\"fas fa-dot-circle\"><\/i>\t\t\t<\/div>\n\t\t<\/div>\n\t\t\t\t<\/div>\n\t\t\t\t<\/div>\n\t\t\t\t<div class=\"elementor-element elementor-element-209094a elementor-hidden-mobile elementor-view-default elementor-widget elementor-widget-icon\" data-id=\"209094a\" data-element_type=\"widget\" data-widget_type=\"icon.default\">\n\t\t\t\t<div class=\"elementor-widget-container\">\n\t\t\t\t\t<div class=\"elementor-icon-wrapper\">\n\t\t\t<div class=\"elementor-icon\">\n\t\t\t<i aria-hidden=\"true\" class=\"fas fa-dot-circle\"><\/i>\t\t\t<\/div>\n\t\t<\/div>\n\t\t\t\t<\/div>\n\t\t\t\t<\/div>\n\t\t\t\t<div class=\"elementor-element elementor-element-9075166 elementor-hidden-mobile elementor-view-default elementor-widget elementor-widget-icon\" data-id=\"9075166\" data-element_type=\"widget\" data-widget_type=\"icon.default\">\n\t\t\t\t<div class=\"elementor-widget-container\">\n\t\t\t\t\t<div class=\"elementor-icon-wrapper\">\n\t\t\t<div class=\"elementor-icon\">\n\t\t\t<i aria-hidden=\"true\" class=\"fas fa-dot-circle\"><\/i>\t\t\t<\/div>\n\t\t<\/div>\n\t\t\t\t<\/div>\n\t\t\t\t<\/div>\n\t\t\t\t<div class=\"elementor-element elementor-element-d959200 elementor-hidden-mobile elementor-view-default elementor-widget elementor-widget-icon\" data-id=\"d959200\" data-element_type=\"widget\" data-widget_type=\"icon.default\">\n\t\t\t\t<div class=\"elementor-widget-container\">\n\t\t\t\t\t<div class=\"elementor-icon-wrapper\">\n\t\t\t<div class=\"elementor-icon\">\n\t\t\t<i aria-hidden=\"true\" class=\"fas fa-dot-circle\"><\/i>\t\t\t<\/div>\n\t\t<\/div>\n\t\t\t\t<\/div>\n\t\t\t\t<\/div>\n\t\t\t\t<div class=\"elementor-element elementor-element-c1b9f31 elementor-hidden-mobile elementor-view-default elementor-widget elementor-widget-icon\" data-id=\"c1b9f31\" data-element_type=\"widget\" data-widget_type=\"icon.default\">\n\t\t\t\t<div class=\"elementor-widget-container\">\n\t\t\t\t\t<div class=\"elementor-icon-wrapper\">\n\t\t\t<div class=\"elementor-icon\">\n\t\t\t<i aria-hidden=\"true\" class=\"fas fa-dot-circle\"><\/i>\t\t\t<\/div>\n\t\t<\/div>\n\t\t\t\t<\/div>\n\t\t\t\t<\/div>\n\t\t\t\t<div class=\"elementor-element elementor-element-10cfafb elementor-hidden-mobile elementor-view-default elementor-widget elementor-widget-icon\" data-id=\"10cfafb\" data-element_type=\"widget\" data-widget_type=\"icon.default\">\n\t\t\t\t<div class=\"elementor-widget-container\">\n\t\t\t\t\t<div class=\"elementor-icon-wrapper\">\n\t\t\t<div class=\"elementor-icon\">\n\t\t\t<i aria-hidden=\"true\" class=\"fas fa-dot-circle\"><\/i>\t\t\t<\/div>\n\t\t<\/div>\n\t\t\t\t<\/div>\n\t\t\t\t<\/div>\n\t\t\t\t\t<\/div>\n\t\t<\/div>\n\t\t\t\t<div class=\"elementor-column elementor-col-50 elementor-top-column elementor-element elementor-element-418e16b\" data-id=\"418e16b\" data-element_type=\"column\">\n\t\t\t<div class=\"elementor-widget-wrap elementor-element-populated\">\n\t\t\t\t\t\t<div class=\"elementor-element elementor-element-2ed6e55 elementor-widget-tablet__width-inherit elementor-hidden-mobile elementor-widget elementor-widget-text-editor\" data-id=\"2ed6e55\" data-element_type=\"widget\" data-widget_type=\"text-editor.default\">\n\t\t\t\t<div class=\"elementor-widget-container\">\n\t\t\t\t\t\t\t<p class=\"Standard\"><span style=\"font-size: 14.0pt;\">En bra och meningsfull fritidsverksamhet f\u00f6r alla i hela kommunen.<\/span><\/p><p class=\"Standard\"><span style=\"font-size: 14.0pt;\">Fortsatt \u00f6kat st\u00f6d till f\u00f6reningslivet = En viktig samh\u00e4llsnytta!<\/span><\/p><p class=\"Standard\"><span style=\"font-size: 14.0pt;\">Att kommunen aktivt skall st\u00f6dja och vara behj\u00e4lpliga med <\/span><\/p><p><span style=\"font-size: 14.0pt;\">att s\u00f6ka alla m\u00f6jliga typer av bidrag till f\u00f6reningslivet.<\/span><\/p><p class=\"Standard\"><span style=\"font-size: 14.0pt;\">Att kommunen skall d\u00e4r s\u00e5 kr\u00e4vs, vara medfinansi\u00e4r i f\u00f6reningars <\/span><\/p><p class=\"Standard\"><span style=\"font-size: 14.0pt;\">s<\/span><span style=\"font-size: 14.0pt;\">\u00f6kta och beviljade bidrag. = kapitalvinst<\/span><\/p><p class=\"Standard\"><span style=\"font-size: 14.0pt;\">Upprustning av m\u00f6tesplatser, kultur o vandringsleder.<\/span><\/p><p class=\"Standard\"><span style=\"font-size: 14.0pt;\">Att forts\u00e4tta arbetet f\u00f6r genomf\u00f6randet av cykelv\u00e4gar.<\/span><\/p><p><span style=\"font-size: 14.0pt;\">(D\u00e4r det \u00e4r ekonomiskt m\u00f6jligt)<\/span><\/p>\t\t\t\t\t\t<\/div>\n\t\t\t\t<\/div>\n\t\t\t\t\t<\/div>\n\t\t<\/div>\n\t\t\t\t\t<\/div>\n\t\t<\/section>\n\t\t\t\t<section class=\"elementor-section elementor-top-section elementor-element elementor-element-d034b2c elementor-hidden-mobile elementor-hidden-desktop elementor-section-boxed elementor-section-height-default elementor-section-height-default\" data-id=\"d034b2c\" data-element_type=\"section\">\n\t\t\t\t\t\t<div class=\"elementor-container elementor-column-gap-default\">\n\t\t\t\t\t<div class=\"elementor-column elementor-col-50 elementor-top-column elementor-element elementor-element-9c2e3af elementor-hidden-mobile\" data-id=\"9c2e3af\" data-element_type=\"column\">\n\t\t\t<div class=\"elementor-widget-wrap elementor-element-populated\">\n\t\t\t\t\t\t<div class=\"elementor-element elementor-element-21e0c6d elementor-hidden-mobile elementor-view-default elementor-widget elementor-widget-icon\" data-id=\"21e0c6d\" data-element_type=\"widget\" data-widget_type=\"icon.default\">\n\t\t\t\t<div class=\"elementor-widget-container\">\n\t\t\t\t\t<div class=\"elementor-icon-wrapper\">\n\t\t\t<div class=\"elementor-icon\">\n\t\t\t<i aria-hidden=\"true\" class=\"fas fa-dot-circle\"><\/i>\t\t\t<\/div>\n\t\t<\/div>\n\t\t\t\t<\/div>\n\t\t\t\t<\/div>\n\t\t\t\t<div class=\"elementor-element elementor-element-c7b474f elementor-hidden-mobile elementor-view-default elementor-widget elementor-widget-icon\" data-id=\"c7b474f\" data-element_type=\"widget\" data-widget_type=\"icon.default\">\n\t\t\t\t<div class=\"elementor-widget-container\">\n\t\t\t\t\t<div class=\"elementor-icon-wrapper\">\n\t\t\t<div class=\"elementor-icon\">\n\t\t\t<i aria-hidden=\"true\" class=\"fas fa-dot-circle\"><\/i>\t\t\t<\/div>\n\t\t<\/div>\n\t\t\t\t<\/div>\n\t\t\t\t<\/div>\n\t\t\t\t<div class=\"elementor-element elementor-element-db2e7c7 elementor-hidden-mobile elementor-view-default elementor-widget elementor-widget-icon\" data-id=\"db2e7c7\" data-element_type=\"widget\" data-widget_type=\"icon.default\">\n\t\t\t\t<div class=\"elementor-widget-container\">\n\t\t\t\t\t<div class=\"elementor-icon-wrapper\">\n\t\t\t<div class=\"elementor-icon\">\n\t\t\t<i aria-hidden=\"true\" class=\"fas fa-dot-circle\"><\/i>\t\t\t<\/div>\n\t\t<\/div>\n\t\t\t\t<\/div>\n\t\t\t\t<\/div>\n\t\t\t\t<div class=\"elementor-element elementor-element-a13f5f7 elementor-hidden-mobile elementor-view-default elementor-widget elementor-widget-icon\" data-id=\"a13f5f7\" data-element_type=\"widget\" data-widget_type=\"icon.default\">\n\t\t\t\t<div class=\"elementor-widget-container\">\n\t\t\t\t\t<div class=\"elementor-icon-wrapper\">\n\t\t\t<div class=\"elementor-icon\">\n\t\t\t<i aria-hidden=\"true\" class=\"fas fa-dot-circle\"><\/i>\t\t\t<\/div>\n\t\t<\/div>\n\t\t\t\t<\/div>\n\t\t\t\t<\/div>\n\t\t\t\t<div class=\"elementor-element elementor-element-d286595 elementor-hidden-mobile elementor-view-default elementor-widget elementor-widget-icon\" data-id=\"d286595\" data-element_type=\"widget\" data-widget_type=\"icon.default\">\n\t\t\t\t<div class=\"elementor-widget-container\">\n\t\t\t\t\t<div class=\"elementor-icon-wrapper\">\n\t\t\t<div class=\"elementor-icon\">\n\t\t\t<i aria-hidden=\"true\" class=\"fas fa-dot-circle\"><\/i>\t\t\t<\/div>\n\t\t<\/div>\n\t\t\t\t<\/div>\n\t\t\t\t<\/div>\n\t\t\t\t<div class=\"elementor-element elementor-element-6a689b6 elementor-hidden-mobile elementor-view-default elementor-widget elementor-widget-icon\" data-id=\"6a689b6\" data-element_type=\"widget\" data-widget_type=\"icon.default\">\n\t\t\t\t<div class=\"elementor-widget-container\">\n\t\t\t\t\t<div class=\"elementor-icon-wrapper\">\n\t\t\t<div class=\"elementor-icon\">\n\t\t\t<i aria-hidden=\"true\" class=\"fas fa-dot-circle\"><\/i>\t\t\t<\/div>\n\t\t<\/div>\n\t\t\t\t<\/div>\n\t\t\t\t<\/div>\n\t\t\t\t\t<\/div>\n\t\t<\/div>\n\t\t\t\t<div class=\"elementor-column elementor-col-50 elementor-top-column elementor-element elementor-element-33a61a8\" data-id=\"33a61a8\" data-element_type=\"column\">\n\t\t\t<div class=\"elementor-widget-wrap elementor-element-populated\">\n\t\t\t\t\t\t<div class=\"elementor-element elementor-element-4ad5c15 elementor-widget-tablet__width-inherit elementor-hidden-mobile elementor-widget elementor-widget-text-editor\" data-id=\"4ad5c15\" data-element_type=\"widget\" data-settings=\"{&quot;_animation_tablet&quot;:&quot;fadeInUp&quot;}\" data-widget_type=\"text-editor.default\">\n\t\t\t\t<div class=\"elementor-widget-container\">\n\t\t\t\t\t\t\t<p class=\"Standard\"><span style=\"font-size: 14.0pt;\">En bra och meningsfull fritidsverksamhet f\u00f6r alla i hela kommunen.<\/span><\/p><p class=\"Standard\"><span style=\"font-size: 14.0pt;\">Fortsatt \u00f6kat st\u00f6d till f\u00f6reningslivet = En viktig samh\u00e4llsnytta!<\/span><\/p><p class=\"Standard\"><span style=\"font-size: 14.0pt;\">Att kommunen aktivt skall st\u00f6dja och vara behj\u00e4lpliga med <\/span><\/p><p><span style=\"font-size: 14.0pt;\">att s\u00f6ka alla m\u00f6jliga typer av bidrag till f\u00f6reningslivet.<\/span><\/p><p class=\"Standard\"><span style=\"font-size: 14.0pt;\">Att kommunen skall d\u00e4r s\u00e5 kr\u00e4vs, vara medfinansi\u00e4r i f\u00f6reningars <\/span><\/p><p class=\"Standard\"><span style=\"font-size: 14.0pt;\">s<\/span><span style=\"font-size: 14.0pt;\">\u00f6kta och beviljade bidrag. = kapitalvinst<\/span><\/p><p class=\"Standard\"><span style=\"font-size: 14.0pt;\">Upprustning av m\u00f6tesplatser, kultur o vandringsleder.<\/span><\/p><p class=\"Standard\"><span style=\"font-size: 14.0pt;\">Att forts\u00e4tta arbetet f\u00f6r genomf\u00f6randet av cykelv\u00e4gar.<\/span><\/p><p><span style=\"font-size: 14.0pt;\">(D\u00e4r det \u00e4r ekonomiskt m\u00f6jligt)<\/span><\/p>\t\t\t\t\t\t<\/div>\n\t\t\t\t<\/div>\n\t\t\t\t\t<\/div>\n\t\t<\/div>\n\t\t\t\t\t<\/div>\n\t\t<\/section>\n\t\t\t\t<section class=\"elementor-section elementor-top-section elementor-element elementor-element-751b59e elementor-hidden-desktop elementor-hidden-tablet elementor-section-boxed elementor-section-height-default elementor-section-height-default\" data-id=\"751b59e\" data-element_type=\"section\">\n\t\t\t\t\t\t<div class=\"elementor-container elementor-column-gap-default\">\n\t\t\t\t\t<div class=\"elementor-column elementor-col-100 elementor-top-column elementor-element elementor-element-f3332b8\" data-id=\"f3332b8\" data-element_type=\"column\">\n\t\t\t<div class=\"elementor-widget-wrap elementor-element-populated\">\n\t\t\t\t\t\t<div class=\"elementor-element elementor-element-e401b8c elementor-widget elementor-widget-text-editor\" data-id=\"e401b8c\" data-element_type=\"widget\" data-settings=\"{&quot;_animation_mobile&quot;:&quot;fadeInUp&quot;}\" data-widget_type=\"text-editor.default\">\n\t\t\t\t<div class=\"elementor-widget-container\">\n\t\t\t\t\t\t\t<ul><li><p><span style=\"font-size: 14.0pt;\">En bra och meningsfull fritidsverksamhet f\u00f6r alla i hela kommunen.<\/span><\/p><\/li><li><p><span style=\"font-size: 14.0pt;\">Fortsatt \u00f6kat st\u00f6d till f\u00f6reningslivet <\/span>= <span style=\"font-size: 14.0pt;\">En viktig samh\u00e4llsnytta!<\/span><\/p><\/li><li><p><span style=\"font-size: 14.0pt;\">Att kommunen aktivt skall st\u00f6dja och <\/span>vara behj\u00e4lpliga med <span style=\"font-size: 14.0pt;\">att s\u00f6ka alla <\/span>m\u00f6jliga typer av bidrag till f\u00f6reningslivet<\/p><\/li><li><p><span style=\"font-size: 14.0pt;\">Att kommunen skall d\u00e4r s\u00e5 kr\u00e4vs, vara <\/span>medfinansi\u00e4r i f\u00f6reningars s\u00f6kta och beviljade bidrag. = kapitalvinst<\/p><\/li><li><p><span style=\"font-size: 14.0pt;\">Upprustning av m\u00f6tesplatser, kultur o vandringsleder.<\/span><\/p><\/li><li><span style=\"font-size: 14.0pt;\">Att forts\u00e4tta arbetet f\u00f6r <\/span>genomf\u00f6randet av cykelv\u00e4gar.\u00a0<br \/><span style=\"font-size: 14.0pt;\">(D\u00e4r det \u00e4r ekonomiskt m\u00f6jligt)<\/span><\/li><\/ul>\t\t\t\t\t\t<\/div>\n\t\t\t\t<\/div>\n\t\t\t\t\t<\/div>\n\t\t<\/div>\n\t\t\t\t\t<\/div>\n\t\t<\/section>\n\t\t\t\t<\/div>\n\t\t","protected":false},"excerpt":{"rendered":"<p>Fritid Folkviljan Orust arbetar f\u00f6r: En bra och meningsfull fritidsverksamhet f\u00f6r alla i hela kommunen. Fortsatt \u00f6kat st\u00f6d till f\u00f6reningslivet = En viktig samh\u00e4llsnytta! Att kommunen aktivt skall st\u00f6dja och vara behj\u00e4lpliga med att s\u00f6ka alla m\u00f6jliga typer av bidrag till f\u00f6reningslivet. Att kommunen skall d\u00e4r s\u00e5 kr\u00e4vs, vara medfinansi\u00e4r i f\u00f6reningars s\u00f6kta och beviljade &hellip;<\/p>\n<p class=\"read-more\"> <a class=\"\" href=\"https:\/\/test.prylfixarn.se\/index.php\/fritid\/\"> <span class=\"screen-reader-text\">Fritid<\/span> L\u00e4s mer &raquo;<\/a><\/p>\n","protected":false},"author":1,"featured_media":0,"parent":0,"menu_order":0,"comment_status":"closed","ping_status":"closed","template":"","meta":{"site-sidebar-layout":"no-sidebar","site-content-layout":"page-builder","ast-main-header-display":"","ast-hfb-above-header-display":"","ast-hfb-below-header-display":"","ast-hfb-mobile-header-display":"","site-post-title":"disabled","ast-breadcrumbs-content":"","ast-featured-img":"disabled","footer-sml-layout":"","theme-transparent-header-meta":"","adv-header-id-meta":"","stick-header-meta":"","header-above-stick-meta":"","header-main-stick-meta":"","header-below-stick-meta":"","footnotes":""},"class_list":["post-345","page","type-page","status-publish","hentry"],"_links":{"self":[{"href":"https:\/\/test.prylfixarn.se\/index.php\/wp-json\/wp\/v2\/pages\/345","targetHints":{"allow":["GET"]}}],"collection":[{"href":"https:\/\/test.prylfixarn.se\/index.php\/wp-json\/wp\/v2\/pages"}],"about":[{"href":"https:\/\/test.prylfixarn.se\/index.php\/wp-json\/wp\/v2\/types\/page"}],"author":[{"embeddable":true,"href":"https:\/\/test.prylfixarn.se\/index.php\/wp-json\/wp\/v2\/users\/1"}],"replies":[{"embeddable":true,"href":"https:\/\/test.prylfixarn.se\/index.php\/wp-json\/wp\/v2\/comments?post=345"}],"version-history":[{"count":91,"href":"https:\/\/test.prylfixarn.se\/index.php\/wp-json\/wp\/v2\/pages\/345\/revisions"}],"predecessor-version":[{"id":1313,"href":"https:\/\/test.prylfixarn.se\/index.php\/wp-json\/wp\/v2\/pages\/345\/revisions\/1313"}],"wp:attachment":[{"href":"https:\/\/test.prylfixarn.se\/index.php\/wp-json\/wp\/v2\/media?parent=345"}],"curies":[{"name":"wp","href":"https:\/\/api.w.org\/{rel}","templated":true}]}}